{"id":23,"date":"2021-03-25T13:32:50","date_gmt":"2021-03-25T12:32:50","guid":{"rendered":"https:\/\/jarzamecnik.cz\/?page_id=23"},"modified":"2021-05-14T10:25:12","modified_gmt":"2021-05-14T09:25:12","slug":"jaromir-zamecnik-bajan","status":"publish","type":"page","link":"https:\/\/jarzamecnik.cz\/","title":{"rendered":"Jarom\u00edr Z\u00c1ME\u010cN\u00cdK &#8211; bajan"},"content":{"rendered":"\n<p class=\"has-text-align-center has-medium-font-size\"><strong>V\u00e1\u017een\u00ed z\u00e1jemci, v\u00edt\u00e1m V\u00e1s na t\u011bchto webov\u00fdch str\u00e1nk\u00e1ch, kde se dozv\u00edte v\u0161e, co V\u00e1s zaj\u00edm\u00e1 o tomto n\u00e1stroji a o interpretovi.<\/strong><\/p>\n\n\n\n<div class=\"wp-block-group\"><div class=\"wp-block-group__inner-container is-layout-flow wp-block-group-is-layout-flow\">\n<div class=\"wp-block-image is-style-rounded\"><figure class=\"aligncenter size-large is-resized\"><img loading=\"lazy\" decoding=\"async\" src=\"https:\/\/jarzamecnik.cz\/wp-content\/uploads\/2021\/03\/Solo-I-684x1024.jpg\" alt=\"Jarom\u00edr Z\u00e1me\u010dn\u00edk\" class=\"wp-image-25\" width=\"342\" height=\"512\" srcset=\"https:\/\/jarzamecnik.cz\/wp-content\/uploads\/2021\/03\/Solo-I-684x1024.jpg 684w, https:\/\/jarzamecnik.cz\/wp-content\/uploads\/2021\/03\/Solo-I-201x300.jpg 201w, https:\/\/jarzamecnik.cz\/wp-content\/uploads\/2021\/03\/Solo-I-768x1149.jpg 768w, https:\/\/jarzamecnik.cz\/wp-content\/uploads\/2021\/03\/Solo-I-1027x1536.jpg 1027w, https:\/\/jarzamecnik.cz\/wp-content\/uploads\/2021\/03\/Solo-I.jpg 1167w\" sizes=\"auto, (max-width: 342px) 100vw, 342px\" \/><figcaption>Jarom\u00edr Z\u00e1me\u010dn\u00edk<\/figcaption><\/figure><\/div>\n<\/div><\/div>\n\n\n\n<p><\/p>\n","protected":false},"excerpt":{"rendered":"<p>V\u00e1\u017een\u00ed z\u00e1jemci, v\u00edt\u00e1m V\u00e1s na t\u011bchto webov\u00fdch str\u00e1nk\u00e1ch, kde se dozv\u00edte v\u0161e, co V\u00e1s zaj\u00edm\u00e1 o tomto n\u00e1stroji a o interpretovi.<\/p>\n","protected":false},"author":1,"featured_media":0,"parent":0,"menu_order":0,"comment_status":"closed","ping_status":"closed","template":"","meta":{"footnotes":""},"class_list":["post-23","page","type-page","status-publish","hentry"],"_links":{"self":[{"href":"https:\/\/jarzamecnik.cz\/index.php?rest_route=\/wp\/v2\/pages\/23","targetHints":{"allow":["GET"]}}],"collection":[{"href":"https:\/\/jarzamecnik.cz\/index.php?rest_route=\/wp\/v2\/pages"}],"about":[{"href":"https:\/\/jarzamecnik.cz\/index.php?rest_route=\/wp\/v2\/types\/page"}],"author":[{"embeddable":true,"href":"https:\/\/jarzamecnik.cz\/index.php?rest_route=\/wp\/v2\/users\/1"}],"replies":[{"embeddable":true,"href":"https:\/\/jarzamecnik.cz\/index.php?rest_route=%2Fwp%2Fv2%2Fcomments&post=23"}],"version-history":[{"count":9,"href":"https:\/\/jarzamecnik.cz\/index.php?rest_route=\/wp\/v2\/pages\/23\/revisions"}],"predecessor-version":[{"id":186,"href":"https:\/\/jarzamecnik.cz\/index.php?rest_route=\/wp\/v2\/pages\/23\/revisions\/186"}],"wp:attachment":[{"href":"https:\/\/jarzamecnik.cz\/index.php?rest_route=%2Fwp%2Fv2%2Fmedia&parent=23"}],"curies":[{"name":"wp","href":"https:\/\/api.w.org\/{rel}","templated":true}]}}