{"id":21,"date":"2021-03-25T13:28:22","date_gmt":"2021-03-25T12:28:22","guid":{"rendered":"https:\/\/jarzamecnik.cz\/?page_id=21"},"modified":"2021-05-18T11:19:39","modified_gmt":"2021-05-18T10:19:39","slug":"umelecke-aktivity","status":"publish","type":"page","link":"https:\/\/jarzamecnik.cz\/?page_id=21","title":{"rendered":"Komorn\u00ed aktivity"},"content":{"rendered":"\n<div class=\"wp-block-columns is-layout-flex wp-container-core-columns-is-layout-9d6595d7 wp-block-columns-is-layout-flex\">\n<div class=\"wp-block-column is-layout-flow wp-block-column-is-layout-flow\" style=\"flex-basis:74%\">\n<h2 class=\"wp-block-heading\">Duo Guitaccord<\/h2>\n\n\n\n<p>\u2013 n\u00e1stroje se p\u0159edstavuj\u00ed poslucha\u010d\u016fm jak v s\u00f3lov\u00e9, tak i komorn\u00ed h\u0159e. Kytara \u2013 Vladislav Bl\u00e1ha, reperto\u00e1r v duu: A.Vivaldi, B.Martin\u016f. L.Jan\u00e1\u010dek, A.Piazzolla, R.Willis aj.. Velk\u00fd ohlas u poslucha\u010d\u016f skl\u00edz\u00ed tak\u00e9 za\u0159azen\u00ed skladeb latinskoamerick\u00fdch a \u0161pan\u011blsk\u00fdch skladatel\u016f, z nich\u017e n\u011bkte\u0159\u00ed byli ve sv\u00e9 tvorb\u011b ovlivn\u011bni jazzem jak v s\u00f3lov\u00e9, tak i komorn\u00ed podob\u011b nap\u0159. J.W.Duarte, E.Arolas, A.Piazzolla, aj.. Vystoupen\u00ed je uv\u00e1d\u011bno pr\u016fvodn\u00edm slovem interpret\u016f a m\u00e1 n\u00e1zev \u201e Od Vivaldiho po Piazzollu\u201c nebo \u201eInspirace (ne)jen jazzov\u00e9\u201c.<br>V roce 2006 vydalo duo Guitaccord u firmy Roton svoje prvn\u00ed CD s nahr\u00e1vkami pro toto obsazen\u00ed od \u010desk\u00fdch a zahrani\u010dn\u00edch autor\u016f, z nich\u017e n\u011bkter\u00e9 skladby byly tomuto duu v\u011bnov\u00e1ny a jsou sv\u011btovou premi\u00e9rou.<\/p>\n<\/div>\n\n\n\n<div class=\"wp-block-column is-layout-flow wp-block-column-is-layout-flow\" style=\"flex-basis:25%\">\n<figure class=\"wp-block-image size-medium\"><img loading=\"lazy\" decoding=\"async\" width=\"225\" height=\"300\" src=\"https:\/\/jarzamecnik.cz\/wp-content\/uploads\/2021\/03\/duo-Guitaccord-II-225x300.jpg\" alt=\"duo Guitaccord\" class=\"wp-image-53\" srcset=\"https:\/\/jarzamecnik.cz\/wp-content\/uploads\/2021\/03\/duo-Guitaccord-II-225x300.jpg 225w, https:\/\/jarzamecnik.cz\/wp-content\/uploads\/2021\/03\/duo-Guitaccord-II-768x1024.jpg 768w, https:\/\/jarzamecnik.cz\/wp-content\/uploads\/2021\/03\/duo-Guitaccord-II-1152x1536.jpg 1152w, https:\/\/jarzamecnik.cz\/wp-content\/uploads\/2021\/03\/duo-Guitaccord-II-45x60.jpg 45w, https:\/\/jarzamecnik.cz\/wp-content\/uploads\/2021\/03\/duo-Guitaccord-II.jpg 1200w\" sizes=\"auto, (max-width: 225px) 100vw, 225px\" \/><figcaption>Duo Guitaccord<\/figcaption><\/figure>\n<\/div>\n<\/div>\n\n\n\n<div class=\"wp-block-columns is-layout-flex wp-container-core-columns-is-layout-9d6595d7 wp-block-columns-is-layout-flex\">\n<div class=\"wp-block-column is-layout-flow wp-block-column-is-layout-flow\" style=\"flex-basis:74%\">\n<h2 class=\"wp-block-heading\">Duo Violakord<\/h2>\n\n\n\n<p>\u2013 program koncertu je sestaven tak, aby se oba n\u00e1stroje v pr\u016fb\u011bhu vystoupen\u00ed p\u0159edstavily jako n\u00e1stroje s\u00f3lov\u00e9 od star\u00e9 hudby a\u017e po sou\u010dasnost. Akordeon p\u0159i h\u0159e v duu pln\u00ed funkci doprovodn\u00e9ho n\u00e1stroje, housle p\u0159eb\u00edraj\u00ed post dominantn\u00edho hlasu. Housle \u2013 Ji\u0159\u00ed Novotn\u00fd. Reperto\u00e1r v duu: F.M.Veracini, J.A.Desplanes, J.Brahms, P.Fiala, A.Vivaldi, V.Trojan,aj..<br>Koncert je uv\u00e1d\u011bn interprety a m\u00e1 n\u00e1zev \u201eN\u00e1vraty\u201c.<\/p>\n<\/div>\n\n\n\n<div class=\"wp-block-column is-layout-flow wp-block-column-is-layout-flow\" style=\"flex-basis:25%\">\n<figure class=\"wp-block-image size-large\"><img loading=\"lazy\" decoding=\"async\" width=\"303\" height=\"227\" src=\"https:\/\/jarzamecnik.cz\/wp-content\/uploads\/2021\/03\/Duo-Violakord.png\" alt=\"Duo Violakord\" class=\"wp-image-75\" srcset=\"https:\/\/jarzamecnik.cz\/wp-content\/uploads\/2021\/03\/Duo-Violakord.png 303w, https:\/\/jarzamecnik.cz\/wp-content\/uploads\/2021\/03\/Duo-Violakord-300x225.png 300w, https:\/\/jarzamecnik.cz\/wp-content\/uploads\/2021\/03\/Duo-Violakord-80x60.png 80w\" sizes=\"auto, (max-width: 303px) 100vw, 303px\" \/><figcaption>Duo Violakord<\/figcaption><\/figure>\n<\/div>\n<\/div>\n\n\n\n<div class=\"wp-block-columns is-layout-flex wp-container-core-columns-is-layout-9d6595d7 wp-block-columns-is-layout-flex\">\n<div class=\"wp-block-column is-layout-flow wp-block-column-is-layout-flow\" style=\"flex-basis:74%\">\n<h2 class=\"wp-block-heading\">BIT Brn\u011bnsk\u00e9 instrument\u00e1ln\u00ed trio<\/h2>\n\n\n\n<p>\u2013 bajan \u2013 kytara \u2013 housle \u2013 toto vystoupen\u00ed je sestaveno tak, aby se v\u0161echny n\u00e1stroje p\u0159edstavily od s\u00f3lov\u00fdch skladeb a\u017e ke skladb\u00e1m v triu nap\u0159. M.\u0160t\u011bdro\u0148, L.Jan\u00e1\u010dek, V.Trojan P.Fiala,aj.. N\u011bkter\u00e9 z uv\u00e1d\u011bn\u00fdch skladeb jsou v\u011bnov\u00e1ny skladateli p\u0159\u00edmo pro toto obsazen\u00ed.<br>Program je nazv\u00e1n \u201eOd Vivaldiho po filmovou hudbu\u201c.<\/p>\n<\/div>\n\n\n\n<div class=\"wp-block-column is-layout-flow wp-block-column-is-layout-flow\" style=\"flex-basis:25%\">\n<figure class=\"wp-block-image size-large\"><img loading=\"lazy\" decoding=\"async\" width=\"1024\" height=\"832\" src=\"https:\/\/jarzamecnik.cz\/wp-content\/uploads\/2021\/03\/Brnenske-instrumentalni-trio-1024x832.jpg\" alt=\"Brn\u011bnsk\u00e9 instrument\u00e1ln\u00ed trio\" class=\"wp-image-63\" srcset=\"https:\/\/jarzamecnik.cz\/wp-content\/uploads\/2021\/03\/Brnenske-instrumentalni-trio-1024x832.jpg 1024w, https:\/\/jarzamecnik.cz\/wp-content\/uploads\/2021\/03\/Brnenske-instrumentalni-trio-300x244.jpg 300w, https:\/\/jarzamecnik.cz\/wp-content\/uploads\/2021\/03\/Brnenske-instrumentalni-trio-768x624.jpg 768w, https:\/\/jarzamecnik.cz\/wp-content\/uploads\/2021\/03\/Brnenske-instrumentalni-trio-1536x1248.jpg 1536w, https:\/\/jarzamecnik.cz\/wp-content\/uploads\/2021\/03\/Brnenske-instrumentalni-trio-2048x1664.jpg 2048w, https:\/\/jarzamecnik.cz\/wp-content\/uploads\/2021\/03\/Brnenske-instrumentalni-trio-74x60.jpg 74w\" sizes=\"auto, (max-width: 1024px) 100vw, 1024px\" \/><figcaption>Brn\u011bnsk\u00e9 instrument\u00e1ln\u00ed trio<\/figcaption><\/figure>\n<\/div>\n<\/div>\n\n\n\n<div class=\"wp-block-columns is-layout-flex wp-container-core-columns-is-layout-9d6595d7 wp-block-columns-is-layout-flex\">\n<div class=\"wp-block-column is-layout-flow wp-block-column-is-layout-flow\" style=\"flex-basis:74%\">\n<h2 class=\"wp-block-heading\">Duetto nuovo<\/h2>\n\n\n\n<p>\u2013 vzniklo v roce 2013 na z\u00e1klad\u011b pot\u0159eby obohatit poslucha\u010dskou ve\u0159ejnost nov\u00fdm zvukov\u00fdm spojen\u00edm \u2013 zobcov\u00e9 fl\u00e9tny a bajanu. Modern\u00ed konstruk\u010dn\u00ed pojet\u00ed obou typ\u016f n\u00e1stroj\u016f, jejich charakteristick\u00fd a kultivovan\u00fd zvuk p\u0159in\u00e1\u0161\u00ed poslucha\u010d\u016fm neopakovateln\u00fd hudebn\u00ed z\u00e1\u017eitek jak p\u0159i uv\u00e1d\u011bn\u00ed skladeb z takzvan\u00e9 oblasti transkribovan\u00e1 literatury, tak i z oblasti literatury p\u016fvodn\u00ed a tak\u00e9 koncertn\u00edm zpracov\u00e1n\u00edm hudby lidov\u00e9 z oblast\u00ed Balk\u00e1nu. Toto je podtr\u017eeno i uk\u00e1zkami s\u00f3lov\u00fdch vystoupen\u00ed jednotliv\u00fdch n\u00e1stroj\u016f v pr\u016fb\u011bhu cel\u00e9ho koncertu. N\u00e1zev programu: Od renesance po Balk\u00e1n<\/p>\n<\/div>\n\n\n\n<div class=\"wp-block-column is-layout-flow wp-block-column-is-layout-flow\" style=\"flex-basis:25%\">\n<figure class=\"wp-block-image size-large\"><img loading=\"lazy\" decoding=\"async\" width=\"1024\" height=\"680\" src=\"https:\/\/jarzamecnik.cz\/wp-content\/uploads\/2021\/03\/Duetto-nuovo-III-1024x680.jpg\" alt=\"Duetto nuovo\" class=\"wp-image-58\" srcset=\"https:\/\/jarzamecnik.cz\/wp-content\/uploads\/2021\/03\/Duetto-nuovo-III-1024x680.jpg 1024w, https:\/\/jarzamecnik.cz\/wp-content\/uploads\/2021\/03\/Duetto-nuovo-III-300x199.jpg 300w, https:\/\/jarzamecnik.cz\/wp-content\/uploads\/2021\/03\/Duetto-nuovo-III-768x510.jpg 768w, https:\/\/jarzamecnik.cz\/wp-content\/uploads\/2021\/03\/Duetto-nuovo-III-1536x1020.jpg 1536w, https:\/\/jarzamecnik.cz\/wp-content\/uploads\/2021\/03\/Duetto-nuovo-III-2048x1360.jpg 2048w, https:\/\/jarzamecnik.cz\/wp-content\/uploads\/2021\/03\/Duetto-nuovo-III-90x60.jpg 90w\" sizes=\"auto, (max-width: 1024px) 100vw, 1024px\" \/><figcaption>Duetto nuovo<\/figcaption><\/figure>\n<\/div>\n<\/div>\n\n\n\n<div class=\"wp-block-columns is-layout-flex wp-container-core-columns-is-layout-9d6595d7 wp-block-columns-is-layout-flex\">\n<div class=\"wp-block-column is-layout-flow wp-block-column-is-layout-flow\" style=\"flex-basis:74%\">\n<h2 class=\"wp-block-heading\">KlezMehrin<\/h2>\n\n\n\n<p>\u2013 \u201eNa p\u0159elomu roku 2009\/2010 jsme se se\u0161li na p\u00f3diu M\u011bstsk\u00e9ho divadla v Brn\u011b jako klezmersk\u00e1 kapela v p\u0159edstaven\u00ed Betl\u00e9m. A proto\u017ee n\u00e1s toto setk\u00e1n\u00ed s fascinuj\u00edc\u00ed atmosf\u00e9rou klezmeru oslovilo, rozhodli jsme se v\u011bnovat tomuto \u017e\u00e1nru intenzivn\u011bji. Jak prozrazuje i slovn\u00ed h\u0159\u00ed\u010dka v n\u00e1zvu na\u0161\u00ed kapely \u2013 \u201eKlezmer\u201c a \u201eMehrin\u201c ( hebr. Morava), z\u00e1kladem na\u0161eho reperto\u00e1ru jsou klezmerov\u00e9 \u201estandardy\u201c, tradi\u010dn\u00ed melodie, kter\u00e9 v minulosti zn\u011bly ve st\u0159edn\u00ed a v\u00fdchodn\u00ed Evrop\u011b, \u0161irok\u00e9 \u201evlasti\u201c a\u0161ken\u00e1ziovsk\u00e9ho \u017didovstva, na svatb\u00e1ch a jin\u00fdch ( nejen \u017eidovsk\u00fdch) slavnostech a oslav\u00e1ch.\u201c<\/p>\n<\/div>\n\n\n\n<div class=\"wp-block-column is-layout-flow wp-block-column-is-layout-flow\" style=\"flex-basis:24%\">\n<figure class=\"wp-block-image size-large\"><img loading=\"lazy\" decoding=\"async\" width=\"666\" height=\"606\" src=\"https:\/\/jarzamecnik.cz\/wp-content\/uploads\/2021\/03\/klezmehrin.jpg\" alt=\"KlezMehrin\" class=\"wp-image-65\" srcset=\"https:\/\/jarzamecnik.cz\/wp-content\/uploads\/2021\/03\/klezmehrin.jpg 666w, https:\/\/jarzamecnik.cz\/wp-content\/uploads\/2021\/03\/klezmehrin-300x273.jpg 300w, https:\/\/jarzamecnik.cz\/wp-content\/uploads\/2021\/03\/klezmehrin-66x60.jpg 66w\" sizes=\"auto, (max-width: 666px) 100vw, 666px\" \/><figcaption>KlezMehrin<\/figcaption><\/figure>\n<\/div>\n<\/div>\n\n\n\n<p><\/p>\n","protected":false},"excerpt":{"rendered":"<p>Duo Guitaccord \u2013 n\u00e1stroje se p\u0159edstavuj\u00ed poslucha\u010d\u016fm jak v s\u00f3lov\u00e9, tak i komorn\u00ed h\u0159e. Kytara \u2013 Vladislav Bl\u00e1ha, reperto\u00e1r v duu: A.Vivaldi, B.Martin\u016f. L.Jan\u00e1\u010dek, A.Piazzolla, R.Willis aj.. Velk\u00fd ohlas u poslucha\u010d\u016f skl\u00edz\u00ed tak\u00e9 za\u0159azen\u00ed skladeb latinskoamerick\u00fdch a \u0161pan\u011blsk\u00fdch skladatel\u016f, z nich\u017e n\u011bkte\u0159\u00ed byli ve sv\u00e9 tvorb\u011b ovlivn\u011bni jazzem jak v s\u00f3lov\u00e9, tak i komorn\u00ed podob\u011b &hellip; <\/p>\n","protected":false},"author":1,"featured_media":0,"parent":0,"menu_order":0,"comment_status":"closed","ping_status":"closed","template":"","meta":{"footnotes":""},"class_list":["post-21","page","type-page","status-publish","hentry"],"_links":{"self":[{"href":"https:\/\/jarzamecnik.cz\/index.php?rest_route=\/wp\/v2\/pages\/21","targetHints":{"allow":["GET"]}}],"collection":[{"href":"https:\/\/jarzamecnik.cz\/index.php?rest_route=\/wp\/v2\/pages"}],"about":[{"href":"https:\/\/jarzamecnik.cz\/index.php?rest_route=\/wp\/v2\/types\/page"}],"author":[{"embeddable":true,"href":"https:\/\/jarzamecnik.cz\/index.php?rest_route=\/wp\/v2\/users\/1"}],"replies":[{"embeddable":true,"href":"https:\/\/jarzamecnik.cz\/index.php?rest_route=%2Fwp%2Fv2%2Fcomments&post=21"}],"version-history":[{"count":16,"href":"https:\/\/jarzamecnik.cz\/index.php?rest_route=\/wp\/v2\/pages\/21\/revisions"}],"predecessor-version":[{"id":217,"href":"https:\/\/jarzamecnik.cz\/index.php?rest_route=\/wp\/v2\/pages\/21\/revisions\/217"}],"wp:attachment":[{"href":"https:\/\/jarzamecnik.cz\/index.php?rest_route=%2Fwp%2Fv2%2Fmedia&parent=21"}],"curies":[{"name":"wp","href":"https:\/\/api.w.org\/{rel}","templated":true}]}}