{"id":192,"date":"2021-05-18T11:22:07","date_gmt":"2021-05-18T10:22:07","guid":{"rendered":"https:\/\/jarzamecnik.cz\/?page_id=192"},"modified":"2026-03-26T09:36:59","modified_gmt":"2026-03-26T08:36:59","slug":"kontakt","status":"publish","type":"page","link":"https:\/\/jarzamecnik.cz\/?page_id=192","title":{"rendered":"Kontakt"},"content":{"rendered":"\n<p><strong>Mgr. Jarom\u00edr Z\u00e1me\u010dn\u00edk<\/strong><\/p>\n\n\n\n<figure class=\"wp-block-table is-style-stripes\"><table><tbody><tr><td>e-mail:<\/td><td>akordeon@jarzamecnik.cz<\/td><\/tr><tr><td><\/td><td><\/td><\/tr><\/tbody><\/table><\/figure>\n","protected":false},"excerpt":{"rendered":"<p>Mgr. Jarom\u00edr Z\u00e1me\u010dn\u00edk e-mail: akordeon@jarzamecnik.cz<\/p>\n","protected":false},"author":1,"featured_media":0,"parent":0,"menu_order":0,"comment_status":"closed","ping_status":"closed","template":"","meta":{"footnotes":""},"class_list":["post-192","page","type-page","status-publish","hentry"],"_links":{"self":[{"href":"https:\/\/jarzamecnik.cz\/index.php?rest_route=\/wp\/v2\/pages\/192","targetHints":{"allow":["GET"]}}],"collection":[{"href":"https:\/\/jarzamecnik.cz\/index.php?rest_route=\/wp\/v2\/pages"}],"about":[{"href":"https:\/\/jarzamecnik.cz\/index.php?rest_route=\/wp\/v2\/types\/page"}],"author":[{"embeddable":true,"href":"https:\/\/jarzamecnik.cz\/index.php?rest_route=\/wp\/v2\/users\/1"}],"replies":[{"embeddable":true,"href":"https:\/\/jarzamecnik.cz\/index.php?rest_route=%2Fwp%2Fv2%2Fcomments&post=192"}],"version-history":[{"count":39,"href":"https:\/\/jarzamecnik.cz\/index.php?rest_route=\/wp\/v2\/pages\/192\/revisions"}],"predecessor-version":[{"id":334,"href":"https:\/\/jarzamecnik.cz\/index.php?rest_route=\/wp\/v2\/pages\/192\/revisions\/334"}],"wp:attachment":[{"href":"https:\/\/jarzamecnik.cz\/index.php?rest_route=%2Fwp%2Fv2%2Fmedia&parent=192"}],"curies":[{"name":"wp","href":"https:\/\/api.w.org\/{rel}","templated":true}]}}