{"id":188,"date":"2021-05-14T10:50:09","date_gmt":"2021-05-14T09:50:09","guid":{"rendered":"https:\/\/jarzamecnik.cz\/?page_id=188"},"modified":"2021-05-18T11:18:25","modified_gmt":"2021-05-18T10:18:25","slug":"odkazy","status":"publish","type":"page","link":"https:\/\/jarzamecnik.cz\/?page_id=188","title":{"rendered":"Odkazy na videa"},"content":{"rendered":"\n<figure class=\"wp-block-table aligncenter is-style-stripes\"><table><thead><tr><th class=\"has-text-align-center\" data-align=\"center\">S\u00f3lo<\/th><\/tr><\/thead><tbody><tr><td class=\"has-text-align-center\" data-align=\"center\"><a href=\"https:\/\/www.youtube.com\/watch?v=Jhglvj53Yg8\" data-type=\"URL\" data-id=\"https:\/\/www.youtube.com\/watch?v=Jhglvj53Yg8\" target=\"_blank\" rel=\"noreferrer noopener\">J. S. Bach \u2013 Preludium a fuga E dur, Yann Tiersen \u2013 La Valse D\u00b4Amelie, La Noy\u00e9e<\/a><\/td><\/tr><tr><td class=\"has-text-align-center\" data-align=\"center\"><a rel=\"noreferrer noopener\" href=\"https:\/\/www.youtube.com\/watch?v=pHUMibxiwI0\" data-type=\"URL\" data-id=\"https:\/\/www.youtube.com\/watch?v=pHUMibxiwI0\" target=\"_blank\">Jaroslav Je\u017eek \u2013 Bugatti-step<\/a><\/td><\/tr><\/tbody><\/table><\/figure>\n\n\n\n<figure class=\"wp-block-table aligncenter is-style-stripes\"><table><thead><tr><th class=\"has-text-align-center\" data-align=\"center\">Violakord<\/th><\/tr><\/thead><tbody><tr><td class=\"has-text-align-center\" data-align=\"center\"><a href=\"http:\/\/www.youtube.com\/watch?v=eHkEmtT8dFg\" data-type=\"URL\" data-id=\"http:\/\/www.youtube.com\/watch?v=eHkEmtT8dFg\" target=\"_blank\" rel=\"noreferrer noopener\">Johannes Brahms \u2013 Uhersk\u00fd tanec \u010d. 5<\/a><\/td><\/tr><tr><td class=\"has-text-align-center\" data-align=\"center\"><a href=\"http:\/\/www.youtube.com\/watch?v=zW3vK_2jIIY\" data-type=\"URL\" data-id=\"http:\/\/www.youtube.com\/watch?v=zW3vK_2jIIY\" target=\"_blank\" rel=\"noreferrer noopener\">Antonio Vivaldi \u2013 \u010ctvero ro\u010dn\u00edch dob (Zima)<\/a><\/td><\/tr><\/tbody><\/table><\/figure>\n\n\n\n<figure class=\"wp-block-table aligncenter is-style-stripes\"><table><thead><tr><th class=\"has-text-align-center\" data-align=\"center\">Duetto nuovo<\/th><\/tr><\/thead><tbody><tr><td class=\"has-text-align-center\" data-align=\"center\"><a href=\"https:\/\/www.youtube.com\/watch?v=zMDvX44IYlE\" data-type=\"URL\" data-id=\"https:\/\/www.youtube.com\/watch?v=zMDvX44IYlE\" target=\"_blank\" rel=\"noreferrer noopener\">sest\u0159ih z koncertu v Brn\u011b<\/a><\/td><\/tr><tr><td class=\"has-text-align-center\" data-align=\"center\"><a href=\"https:\/\/www.youtube.com\/watch?v=XKMqRX-B9Uc\" data-type=\"URL\" data-id=\"https:\/\/www.youtube.com\/watch?v=XKMqRX-B9Uc\" target=\"_blank\" rel=\"noreferrer noopener\">sest\u0159ih z koncertu v Brn\u011b<\/a><\/td><\/tr><\/tbody><\/table><\/figure>\n\n\n\n<figure class=\"wp-block-table aligncenter is-style-stripes\"><table><thead><tr><th class=\"has-text-align-center\" data-align=\"center\">BIT Brn\u011bnsk\u00e9 instrument\u00e1ln\u00ed trio<\/th><\/tr><\/thead><tbody><tr><td class=\"has-text-align-center\" data-align=\"center\"><a href=\"http:\/\/www.youtube.com\/watch?v=H7JOkVCfC_Q\" data-type=\"URL\" data-id=\"http:\/\/www.youtube.com\/watch?v=H7JOkVCfC_Q\" target=\"_blank\" rel=\"noreferrer noopener\">Astor Piazzolla \u2013 Fuga y misterio<\/a><\/td><\/tr><tr><td class=\"has-text-align-center\" data-align=\"center\"><a href=\"http:\/\/www.youtube.com\/watch?v=jSA1QiRECT8\" data-type=\"URL\" data-id=\"http:\/\/www.youtube.com\/watch?v=jSA1QiRECT8\" target=\"_blank\" rel=\"noreferrer noopener\">Astor Piazzolla \u2013 Hora Cero Buenos Aires<\/a><\/td><\/tr><\/tbody><\/table><\/figure>\n\n\n\n<figure class=\"wp-block-table aligncenter is-style-stripes\"><table><thead><tr><th class=\"has-text-align-center\" data-align=\"center\">KlezMehrin<\/th><\/tr><\/thead><tbody><tr><td class=\"has-text-align-center\" data-align=\"center\"><a href=\"http:\/\/www.bandzone.cz\/klezmehrin\" data-type=\"URL\" data-id=\"http:\/\/www.bandzone.cz\/klezmehrin\" target=\"_blank\" rel=\"noreferrer noopener\">nahr\u00e1vky live i studiov\u00e9<\/a><\/td><\/tr><\/tbody><\/table><\/figure>\n","protected":false},"excerpt":{"rendered":"<p>S\u00f3lo J. S. Bach \u2013 Preludium a fuga E dur, Yann Tiersen \u2013 La Valse D\u00b4Amelie, La Noy\u00e9e Jaroslav Je\u017eek \u2013 Bugatti-step Violakord Johannes Brahms \u2013 Uhersk\u00fd tanec \u010d. 5 Antonio Vivaldi \u2013 \u010ctvero ro\u010dn\u00edch dob (Zima) Duetto nuovo sest\u0159ih z koncertu v Brn\u011b sest\u0159ih z koncertu v Brn\u011b BIT Brn\u011bnsk\u00e9 instrument\u00e1ln\u00ed trio Astor Piazzolla &hellip; <\/p>\n","protected":false},"author":1,"featured_media":0,"parent":0,"menu_order":0,"comment_status":"closed","ping_status":"closed","template":"","meta":{"footnotes":""},"class_list":["post-188","page","type-page","status-publish","hentry"],"_links":{"self":[{"href":"https:\/\/jarzamecnik.cz\/index.php?rest_route=\/wp\/v2\/pages\/188","targetHints":{"allow":["GET"]}}],"collection":[{"href":"https:\/\/jarzamecnik.cz\/index.php?rest_route=\/wp\/v2\/pages"}],"about":[{"href":"https:\/\/jarzamecnik.cz\/index.php?rest_route=\/wp\/v2\/types\/page"}],"author":[{"embeddable":true,"href":"https:\/\/jarzamecnik.cz\/index.php?rest_route=\/wp\/v2\/users\/1"}],"replies":[{"embeddable":true,"href":"https:\/\/jarzamecnik.cz\/index.php?rest_route=%2Fwp%2Fv2%2Fcomments&post=188"}],"version-history":[{"count":3,"href":"https:\/\/jarzamecnik.cz\/index.php?rest_route=\/wp\/v2\/pages\/188\/revisions"}],"predecessor-version":[{"id":216,"href":"https:\/\/jarzamecnik.cz\/index.php?rest_route=\/wp\/v2\/pages\/188\/revisions\/216"}],"wp:attachment":[{"href":"https:\/\/jarzamecnik.cz\/index.php?rest_route=%2Fwp%2Fv2%2Fmedia&parent=188"}],"curies":[{"name":"wp","href":"https:\/\/api.w.org\/{rel}","templated":true}]}}