{"id":13,"date":"2021-03-22T16:07:15","date_gmt":"2021-03-22T15:07:15","guid":{"rendered":"http:\/\/jarzamecnik.cz\/?page_id=13"},"modified":"2021-05-14T19:12:18","modified_gmt":"2021-05-14T18:12:18","slug":"zivotopis","status":"publish","type":"page","link":"https:\/\/jarzamecnik.cz\/?page_id=13","title":{"rendered":"Um\u011bleck\u00fd \u017eivotopis"},"content":{"rendered":"\n<div class=\"wp-block-columns is-layout-flex wp-container-core-columns-is-layout-9d6595d7 wp-block-columns-is-layout-flex\">\n<div class=\"wp-block-column is-layout-flow wp-block-column-is-layout-flow\" style=\"flex-basis:100%\">\n<div class=\"wp-block-image\"><figure class=\"alignright size-medium\"><img loading=\"lazy\" decoding=\"async\" width=\"200\" height=\"300\" src=\"https:\/\/jarzamecnik.cz\/wp-content\/uploads\/2021\/03\/Solo-II-200x300.jpg\" alt=\"\" class=\"wp-image-26\" srcset=\"https:\/\/jarzamecnik.cz\/wp-content\/uploads\/2021\/03\/Solo-II-200x300.jpg 200w, https:\/\/jarzamecnik.cz\/wp-content\/uploads\/2021\/03\/Solo-II-683x1024.jpg 683w, https:\/\/jarzamecnik.cz\/wp-content\/uploads\/2021\/03\/Solo-II-768x1152.jpg 768w, https:\/\/jarzamecnik.cz\/wp-content\/uploads\/2021\/03\/Solo-II-1024x1536.jpg 1024w, https:\/\/jarzamecnik.cz\/wp-content\/uploads\/2021\/03\/Solo-II-1365x2048.jpg 1365w, https:\/\/jarzamecnik.cz\/wp-content\/uploads\/2021\/03\/Solo-II-1568x2352.jpg 1568w, https:\/\/jarzamecnik.cz\/wp-content\/uploads\/2021\/03\/Solo-II-scaled.jpg 1707w\" sizes=\"auto, (max-width: 200px) 100vw, 200px\" \/><\/figure><\/div>\n\n\n\n<div class=\"wp-block-group\"><div class=\"wp-block-group__inner-container is-layout-flow wp-block-group-is-layout-flow\">\n<p>nav\u0161t\u011bvoval L\u0160U v Brn\u011b pod veden\u00edm u\u010d. Aloise Zouhara, pot\u00e9 absolvoval brn\u011bnskou Konzervato\u0159 ve t\u0159\u00edd\u011b prof. Ladislava Kory\u010dana a Jan\u00e1\u010dkovu akademii muzick\u00fdch um\u011bn\u00ed ve t\u0159\u00edd\u011b doc. Rajmunda K\u00e1koniho a Dr. Josefa Smetany. Stal se laure\u00e1tem mnoha dom\u00e1c\u00edch a zahrani\u010dn\u00edch sout\u011b\u017e\u00ed:<\/p>\n\n\n\n<ul class=\"wp-block-list\"><li>z dom\u00e1c\u00edch sout\u011b\u017e\u00ed, kter\u00e9 se konaly ka\u017edoro\u010dn\u011b v Ho\u0159ovic\u00edch, jsou to um\u00edst\u011bn\u00ed: 1. m\u00edsto z roku 1976, v letech 1977 \u2013 80 to jsou 2. m\u00edsta, v roce 1983 tak\u00e9 2. m\u00edsto, v roce 1984 je to 3. m\u00edsto a v letech 1985 a 1987 1. m\u00edsta s titulem absolutn\u00edho v\u00edt\u011bze. Na t\u011bchto sout\u011b\u017e\u00edch byl J. Z\u00e1me\u010dn\u00edk pravideln\u011b oce\u0148ov\u00e1n tak\u00e9 za nejlep\u0161\u00ed interpretaci skladeb \u010desk\u00fdch, slovensk\u00fdch a rusk\u00fdch skladatel\u016f.<\/li><li>z mezin\u00e1rodn\u00edch sout\u011b\u017e\u00ed stoj\u00ed za zm\u00ednku 1. m\u00edsto v akordeonov\u00e9 sout\u011b\u017ei organizace C.M.A. v Barcelon\u011b ve \u0160pan\u011blsku (1976), bronzov\u00e1 medaile ze sout\u011b\u017ee ve francouzsk\u00e9m Cannes (1979), 2. m\u00edsto ze sv\u011btov\u00e9 sout\u011b\u017ee organizace C.M.A. ve Venezuele (Caracas 1983), bronzov\u00e1 medaile ze sout\u011b\u017e\u00ed v Anglii (Folkestone 1985), Francii (Pa\u0159\u00ed\u017e 1986) a z holandsk\u00e9ho Arnhemu (1987).<\/li><\/ul>\n\n\n\n<p>V letech 1986 \u2013 89 byl Jarom\u00edr Z\u00e1me\u010dn\u00edk stipendistou Hudebn\u00edho studia \u010cesk\u00e9ho hudebn\u00edho fondu v Praze a v roce 1989 &#8211; 90 s\u00f3listou t\u00e9to instituce. Vystupoval na r\u016fzn\u00fdch p\u0159ehl\u00eddk\u00e1ch mlad\u00fdch interpret\u016f, spolupracuje s \u010ceskou televiz\u00ed a rozhlasem p\u0159i nat\u00e1\u010den\u00ed hudebn\u00edch sn\u00edmk\u016f. V roce 2003 se pod\u00edlel spole\u010dn\u011b s Brn\u011bnsk\u00fdm instrument\u00e1ln\u00edm triem na vzniku CD s hudbou Milo\u0161e \u0160t\u011bdron\u011b (spole\u010dn\u011b s Ji\u0159\u00edm Novotn\u00fdm \u2013 housle a Vladislavem Bl\u00e1hou \u2013 kytara), v roce 2004 vydal svoje prvn\u00ed s\u00f3lov\u00e9 CD s hudbou interpretovanou na bajan s n\u00e1zvem \u201eSentido unico\u201c , roku 2006 vyd\u00e1v\u00e1 CD Duo Guitaccord ( s Vladislavem Bl\u00e1hou \u2013 kytara).  Je zv\u00e1n jako lektor na odborn\u00e9 semin\u00e1\u0159e a do porot n\u00e1rodn\u00edch i mezin\u00e1rodn\u00edch sout\u011b\u017e\u00ed, \u00fazce spolupracuje s bratislavskou V\u0160MU.<br>Koncertuje s\u00f3lov\u011b i v komorn\u00edch obsazen\u00edch nejenom na dom\u00e1c\u00ed sc\u00e9n\u011b, ale i v zahrani\u010d\u00ed (Slovensko, Polsko, It\u00e1lie, Rakousko, atd.), vystupoval s r\u016fzn\u00fdmi t\u011blesy (symfonick\u00e9 orchestry, p\u011bveck\u00e9 sbory, s Jaroslavem Sv\u011bcen\u00fdm, \u0161ansoni\u00e9ry Chantal Poullain a Joel Bros) a je \u010dlenem n\u011bkolika komorn\u00edch uskupen\u00ed. Jako prvn\u00ed bajanista vystoupil ve \u010dty\u0159icetilet\u00e9 historii mezin\u00e1rodn\u00edho festivalu Moravsk\u00fd podzim se s\u00f3lov\u00fdm reperto\u00e1rem v roce 2005. V posledn\u00ed dob\u011b spolupracuje na r\u016fzn\u00fdch projektech s BCO (Brno Contemporary Orchestra, kter\u00fd se soust\u0159e\u010fuje na interpretaci soudob\u00e9 hudby), p\u011bveck\u00fdm sborem Vox Iuvenalis (Hlas ml\u00e1d\u00ed), Filharmoni\u00ed Brno, N\u00e1rodn\u00edm divadlem v Brn\u011b, divadlem Reduta, M\u011bstsk\u00fdm divadlem Brno-\u010dinohern\u00ed sc\u00e9na.<\/p>\n<\/div><\/div>\n<\/div>\n<\/div>\n\n\n\n<h4 class=\"wp-block-heading\">german<\/h4>\n\n\n\n<p>absolvierte das Konservatorium f\u00fcr Musik in Brno bei Prof. Ladislav Kory\u010dan und die Jan\u00e1\u010dek \u2013 Akademie der musischen K\u00fcnste bei Prof. Rajmund K\u00e1koni und Dr. Josef Smetana. Er nahm an vielen in \u2013 und ausl\u00e4ndischen Wettbewerben teil, wo er erfolgreich die tschechische Akkordeonschule repr\u00e4senierte. Von der langen Liste der Wettbewerben nennt man wenigstens einige.<br>An den allj\u00e4hrlich in Ho\u0159ovice veranstalteten Wettbewerben platzierte er sich folgenderweise: erster Preis im Jahre 1976, zweite Preise in den Jahren 1977 \u2013 80, zweiter Preis im Jahre 1983, dritter Preis im Jahre 1984 und in den Jahren 1985 und 1987 erste Preise mit dem Titel des absoluten Siegers. Auf diesen Wettbewerben wurde er auch f\u00fcr die beste Interpretation der tschechischen, slowakischen und russischen Autoren mehrmals ausgezeichnet.<br>Weitere Erw\u00e4hnungswerte internationale Wettbewerbe: erster Preis im Akkordeonwettbewerb in Barcelona (Spanien 1976), die Bronzmedille aus dem Wettbewerb im franz\u00f6sischen Cannes (1979), zweiter Preis in Caracas (Venezuela 1983), die Bronzmedaille in Folkestone (England 1985), Paris (Frankreich 1986) und im nederl\u00e4ndischen Arnhem (1987).<br>Zwischen den Jahren 1986 \u2013 89 wurde Jarom\u00edr Z\u00e1me\u010dn\u00edk Stipendist des Musikstudios des Tschechischen Musikfonds in Prag und in den Jahren 89 \u2013 90 war er Solist dieser Institution. Er trat an verschiedenen Festivals der jungen Interpreten auf. Er nahm im Tschechischen Fernsehen und Rundfunk zahlreiche Kompositionen auf. Im Jahre 2003 beteiligte er sich, zusammen mit dem Instrumentaltrio ( Ji\u0159\u00ed Novotn\u00fd \u2013 Violin und Vladislav Bl\u00e1ha \u2013 Guitarre) an der Aufnahme eines CDs mit Kompositionen von Milo\u0161 \u0160t\u011bdro\u0148. 2004 entstand sein erstes Solo-CD namens \u201eSentido unico\u201c, wo er St\u0171cke auf Bajan spielte. 2006 nahm er gemeinsam mit Vl. Bl\u00e1ha bei der Firma Roton CD Duo Guitaccord auf. Er wird als Lektor zu Fachseminaren und Mitglied der nationalenund internationalen Jurys eingeladen. Er gibt Solokonzerte im In \u2013 und Ausland und tritt mit verschiedenen Ensembles (Symfonieorchester, S\u00e4ngerchor) auf. Er ist Mtglied des Akkordeonduos (gemeinsam mit Nikolaj Petruk ) und des Br\u00fcnner Instrumentatrios (Vladislav Bl\u00e1ha \u2013 Gitarre und Ji\u0159\u00ed Novotn\u00fd \u2013 Violine).<br>In seinem Repertoir sind Originalkompositionen fur Akkordion oder Bajan, die von polyphonischer Stimmungf\u0171hrung, \u0171ber postromantische St\u0171cke, Sonaten, programmatische Musik, bis zu der Synthese von Volks \u2013 und Jazz-Musik, Nationale und klassische Musik in Tango nuevo und letztendlich zu klangmalerischen Brillantkompositionen reicht<\/p>\n\n\n\n<h4 class=\"wp-block-heading\">english<\/h4>\n\n\n\n<p>Completed his studies at Brno Conservatory with prof. Ladislav Kory\u010dan and he graduated at the Jan\u00e1\u010dek Music Academy with prof. Rajmund K\u00e1koni and Dr. Josef Smetana. He became a laureat of many competitions at home and abroad as well.<br>We can name some of results from the home competitions, which take place in Ho\u0159ovice every year: the 1st price in the year 1976, the 2nd prices in the years 1977-80, the 2nd price in 1983, the 3rd price in 1984 and the 1st price with the title of Absolute winner in the years 1985 and 1987. J. Z\u00e1me\u010dn\u00edk was also appreciated for the best interpretations of the compositions of the Czech, Russian and Slovak compositors.<br>From international competitions can be mentioned: the 1st price in the accordion competition in Barcelona in Spain (1976), the bronze medail in the competition in French Cannes (1979), the 2nd price in the world competition in Venezuela (Caracas 1983), the bronze medail in the competitions in England (Folkestone 1985), in France (Paris 1986) and in Dutch Arnhem (1987).<br>In the years 1986 \u2013 89 was Jarom\u00edr Z\u00e1me\u010dn\u00edk stipendist of the Music Studio of the Czech Music Fund in Prague and in 1989\/90 was the soloist of this institution. He used to give concert in various shows of young performers, he cooperates with Czech Television and Broadcast. In 2003, together with the Brno Instrumental Trio (Ji\u0159\u00ed Novotn\u00fd &#8211; violin and Vladislav Bl\u00e1ha &#8211; guitar), he released a CD with music by Milo\u0161 \u0160t\u011bdro\u0148 which was followed in 2004 by Sentido Unico &#8211; his first solo It is loaded with music interpreted on bayan. His latest album so far is entitled Duo Guitaccord and was recorded with his fellow musician Vladislav Bl\u00e1ha (guitar) at Roton Co and in 2009 his second solo album. He used to be invited as a lector to professional seminars and to juries of national and international competitions. He used to perform as a soloist or with various music bodies (orchestras, chorus) at home and abroad. He\u2019s a member of Accordion Duo (with Nikolaj Petruk) and Brno\u2019s Instrumental Trio (together with Vladislav Bl\u00e1ha \u2013 guitar and Ji\u0159\u00ed Novotn\u00fd \u2013 violin).<br>His solo repertoire concentrates mainly on music composed specifically for accordion or bayan and consists of pieces with polyphonic voices, late-romantic compositions, sonatas, program music, synthesis of folk, jazz, ethnic and classical music on Tango Nuevo and playful melodies or virtuoso compositions.<\/p>\n","protected":false},"excerpt":{"rendered":"<p>nav\u0161t\u011bvoval L\u0160U v Brn\u011b pod veden\u00edm u\u010d. Aloise Zouhara, pot\u00e9 absolvoval brn\u011bnskou Konzervato\u0159 ve t\u0159\u00edd\u011b prof. Ladislava Kory\u010dana a Jan\u00e1\u010dkovu akademii muzick\u00fdch um\u011bn\u00ed ve t\u0159\u00edd\u011b doc. Rajmunda K\u00e1koniho a Dr. Josefa Smetany. Stal se laure\u00e1tem mnoha dom\u00e1c\u00edch a zahrani\u010dn\u00edch sout\u011b\u017e\u00ed: z dom\u00e1c\u00edch sout\u011b\u017e\u00ed, kter\u00e9 se konaly ka\u017edoro\u010dn\u011b v Ho\u0159ovic\u00edch, jsou to um\u00edst\u011bn\u00ed: 1. m\u00edsto z &hellip; <\/p>\n","protected":false},"author":1,"featured_media":0,"parent":0,"menu_order":0,"comment_status":"closed","ping_status":"closed","template":"","meta":{"footnotes":""},"class_list":["post-13","page","type-page","status-publish","hentry"],"_links":{"self":[{"href":"https:\/\/jarzamecnik.cz\/index.php?rest_route=\/wp\/v2\/pages\/13","targetHints":{"allow":["GET"]}}],"collection":[{"href":"https:\/\/jarzamecnik.cz\/index.php?rest_route=\/wp\/v2\/pages"}],"about":[{"href":"https:\/\/jarzamecnik.cz\/index.php?rest_route=\/wp\/v2\/types\/page"}],"author":[{"embeddable":true,"href":"https:\/\/jarzamecnik.cz\/index.php?rest_route=\/wp\/v2\/users\/1"}],"replies":[{"embeddable":true,"href":"https:\/\/jarzamecnik.cz\/index.php?rest_route=%2Fwp%2Fv2%2Fcomments&post=13"}],"version-history":[{"count":9,"href":"https:\/\/jarzamecnik.cz\/index.php?rest_route=\/wp\/v2\/pages\/13\/revisions"}],"predecessor-version":[{"id":194,"href":"https:\/\/jarzamecnik.cz\/index.php?rest_route=\/wp\/v2\/pages\/13\/revisions\/194"}],"wp:attachment":[{"href":"https:\/\/jarzamecnik.cz\/index.php?rest_route=%2Fwp%2Fv2%2Fmedia&parent=13"}],"curies":[{"name":"wp","href":"https:\/\/api.w.org\/{rel}","templated":true}]}}